{"id":1028,"date":"2023-08-03T11:21:41","date_gmt":"2023-08-03T11:21:41","guid":{"rendered":"http:\/\/ecoinsect.es\/?page_id=1028"},"modified":"2023-08-03T11:21:53","modified_gmt":"2023-08-03T11:21:53","slug":"innovacion","status":"publish","type":"page","link":"https:\/\/ecoinsect.es\/?page_id=1028","title":{"rendered":"Innovaci\u00f3n"},"content":{"rendered":"\t\t<div data-elementor-type=\"wp-page\" data-elementor-id=\"1028\" class=\"elementor elementor-1028\">\n\t\t\t\t\t\t<section class=\"elementor-section elementor-top-section elementor-element elementor-element-639e0a1 elementor-section-boxed elementor-section-height-default elementor-section-height-default\" data-id=\"639e0a1\" data-element_type=\"section\">\n\t\t\t\t\t\t<div class=\"elementor-container elementor-column-gap-default\">\n\t\t\t\t\t<div class=\"elementor-column elementor-col-100 elementor-top-column elementor-element elementor-element-bc5e448\" data-id=\"bc5e448\" data-element_type=\"column\">\n\t\t\t<div class=\"elementor-widget-wrap elementor-element-populated\">\n\t\t\t\t\t\t<div class=\"elementor-element elementor-element-f413bb5 elementor-widget elementor-widget-text-editor\" data-id=\"f413bb5\" data-element_type=\"widget\" data-widget_type=\"text-editor.default\">\n\t\t\t\t<div class=\"elementor-widget-container\">\n\t\t\t\t\t\t\t\t\t<p>El <strong>car\u00e1cter innovador <\/strong>del proyecto reside principalmente en el propio sistema de bioeconom\u00eda circular que se pretende crear dentro del sector agroalimentario: <strong>partir de diferentes desechos vegetales procedentes de cultivo convencional y ecol\u00f3gico para aprovecharlos como sustratos sobre los que pueda crecer el insecto <em>Tenebrio molitor<\/em>, desarrollando nuevas harinas funcionales proteicas (tanto para alimentaci\u00f3n animal como humana) y nuevos insumos agrarios ecosostenibles a partir del guano que puedan ser empleados como fertilizantes, bioestimulantes o plaguicidas en los cultivos ecol\u00f3gicos<\/strong>. Por lo tanto, se promueve que los principales desechos generados en la cadena de valor sean revalorizados dentro del mismo sistema. De esta manera, al tratarse de un sistema circular cerrado, se consigue reducir significativamente la huella de carbono del proceso, adem\u00e1s de los numerosos beneficios medioambientales y econ\u00f3micos derivados del aprovechamiento y valorizaci\u00f3n de la mayor\u00eda de residuos generados durante el sistema.<\/p>\t\t\t\t\t\t\t\t<\/div>\n\t\t\t\t<\/div>\n\t\t\t\t\t<\/div>\n\t\t<\/div>\n\t\t\t\t\t<\/div>\n\t\t<\/section>\n\t\t\t\t<\/div>\n\t\t","protected":false},"excerpt":{"rendered":"<p>El car\u00e1cter innovador del proyecto reside principalmente en el propio sistema de bioeconom\u00eda circular que se pretende crear dentro del sector agroalimentario: partir de diferentes desechos vegetales procedentes de cultivo convencional y ecol\u00f3gico para aprovecharlos como sustratos sobre los que pueda crecer el insecto Tenebrio molitor, desarrollando nuevas harinas funcionales proteicas (tanto para alimentaci\u00f3n animal&hellip;<\/p>\n","protected":false},"author":1,"featured_media":0,"parent":0,"menu_order":0,"comment_status":"closed","ping_status":"closed","template":"","meta":{"footnotes":""},"class_list":["post-1028","page","type-page","status-publish","hentry"],"_links":{"self":[{"href":"https:\/\/ecoinsect.es\/index.php?rest_route=\/wp\/v2\/pages\/1028","targetHints":{"allow":["GET"]}}],"collection":[{"href":"https:\/\/ecoinsect.es\/index.php?rest_route=\/wp\/v2\/pages"}],"about":[{"href":"https:\/\/ecoinsect.es\/index.php?rest_route=\/wp\/v2\/types\/page"}],"author":[{"embeddable":true,"href":"https:\/\/ecoinsect.es\/index.php?rest_route=\/wp\/v2\/users\/1"}],"replies":[{"embeddable":true,"href":"https:\/\/ecoinsect.es\/index.php?rest_route=%2Fwp%2Fv2%2Fcomments&post=1028"}],"version-history":[{"count":4,"href":"https:\/\/ecoinsect.es\/index.php?rest_route=\/wp\/v2\/pages\/1028\/revisions"}],"predecessor-version":[{"id":1032,"href":"https:\/\/ecoinsect.es\/index.php?rest_route=\/wp\/v2\/pages\/1028\/revisions\/1032"}],"wp:attachment":[{"href":"https:\/\/ecoinsect.es\/index.php?rest_route=%2Fwp%2Fv2%2Fmedia&parent=1028"}],"curies":[{"name":"wp","href":"https:\/\/api.w.org\/{rel}","templated":true}]}}